{"id":1494,"date":"2021-02-22T18:54:09","date_gmt":"2021-02-22T17:54:09","guid":{"rendered":"http:\/\/leperlily.org\/wp\/?page_id=1494"},"modified":"2021-08-24T10:24:19","modified_gmt":"2021-08-24T08:24:19","slug":"hymn_03","status":"publish","type":"page","link":"https:\/\/leperlily.org\/wp\/hymnbook\/de\/eastertide\/hymn_03\/","title":{"rendered":"Hymn 03"},"content":{"rendered":"\n<h1>\n\t\tNotker Balbulus\n\t<\/h1>\n<h3>\n\t\tHymnenbuchOsterkreis\n\t<\/h3>\n<h3>\n\t\tDie Dienstagshymne\n\t<\/h3>\n<h3>\n\t\t[N.14] &#8220;Christe domine laetifica&#8221;\n\t<\/h3>\n<h3>\n\t\tSPRACHE\n\t<\/h3>\n<h4>\n\t\t<a href=\"http:\/\/leperlily.org\/wp\/hymnbook\/la\/eastertide\/hymn_03\/\" title=\"Latina\" target=\"_self\" rel=\"noopener\">\n\t\tLatina\n\t\t<\/a>\n\t<\/h4>\n<h4>\n\t\tDeutsch\n\t<\/h4>\n<h4>\n\t\t<a href=\"http:\/\/leperlily.org\/wp\/hymnbook\/en\/eastertide\/hymn_03\/\" title=\"English\" target=\"_self\" rel=\"noopener\">\n\t\tEnglish\n\t\t<\/a>\n\t<\/h4>\n\t\t\t\t<a href=\"http:\/\/leperlily.org\/wp\/hymnbook\/\" target=\"_self\" itemprop=\"url\" rel=\"noopener\">\n\t\t\t\t<img loading=\"lazy\" decoding=\"async\" src=\"http:\/\/leperlily.org\/wp\/wp-content\/uploads\/2020\/10\/notker_balbulus.jpg\" alt=\"notker_balbulus\" itemprop=\"image\" height=\"596\" width=\"447\" title=\"notker_balbulus\" onerror=\"this.style.display='none'\"  \/>\n\t\t\t\t<\/a>\n\t<p>Christus, g\u00f6ttlicher, beselige<\/p>\n<p>die Verlobte, die Kirche dein<\/p>\n<p>Heut am Festtag, zu dem damals,<\/p>\n<p>Christus, du sie dir angetraut<\/p>\n<p>Und Mitgift f\u00fcr sie gespendet hast<\/p>\n<p>reich an Wundern.<\/p>\n<p>Einst hat die Heiligen, traurig<\/p>\n<p>\u00fcber deinen Tod,<\/p>\n<p>die Fraun und M\u00e4nner,<\/p>\n<p>dein Auferstehn getr\u00f6stet.<\/p>\n<p>Jetzt, da du thronst<\/p>\n<p>zu Vaters Rechten,<\/p>\n<p>halte jeden Todesangriff,<\/p>\n<p>du Christus, uns ferne.<\/p>\n<h4>\n\t\t<a href=\"http:\/\/notker-balbulus.leperlily.org\" title=\"http:\/\/notker-balbulus.leperlily.org\" target=\"_self\" rel=\"noopener\">\n\t\thttp:\/\/notker-balbulus.leperlily.org\n\t\t<\/a>\n\t<\/h4>\n\t\t\t\t<img loading=\"lazy\" decoding=\"async\" src=\"http:\/\/leperlily.org\/wp\/wp-content\/uploads\/2020\/10\/the_abbey_of_st_gall.jpg\" alt=\"the_abbey_of_st_gall\" itemprop=\"image\" height=\"450\" width=\"1800\" title=\"the_abbey_of_st_gall\" onerror=\"this.style.display='none'\"  \/>\n<h4>\n\t\tWolfram von den SteinenNotker der Dichter und seine geistige Welt\n\t<\/h4>\n<h4>\n\t\tBern1948\n\t<\/h4>\n\t\t\t<a href=\"http:\/\/leperlily.org\/wp\/hymnbook\/de\/eastertide\/hymn_02\/\" target=\"_self\" role=\"button\" rel=\"noopener\">\n\t\t\t\t\t\t\t<\/a>\n\t\t\t<a href=\"http:\/\/leperlily.org\/wp\/hymnbook\/de\/eastertide\/hymn_04\/\" target=\"_self\" role=\"button\" rel=\"noopener\">\n\t\t\t\t\t\t\t<\/a>\n\n","protected":false},"excerpt":{"rendered":"<p>Notker Balbulus HymnenbuchOsterkreis Die Dienstagshymne [N.14] &#8220;Christe domine laetifica&#8221; SPRACHE Latina Deutsch English Christus, g\u00f6ttlicher, beselige die Verlobte, die Kirche dein Heut am Festtag, zu dem damals, Christus, du sie dir angetraut Und Mitgift f\u00fcr sie gespendet hast reich an Wundern. Einst hat die Heiligen, traurig \u00fcber deinen Tod, die Fraun und M\u00e4nner, dein Auferstehn&hellip;<\/p>\n","protected":false},"author":1,"featured_media":0,"parent":516,"menu_order":0,"comment_status":"closed","ping_status":"closed","template":"","meta":{"footnotes":""},"class_list":["post-1494","page","type-page","status-publish","hentry"],"aioseo_notices":[],"_links":{"self":[{"href":"https:\/\/leperlily.org\/wp\/wp-json\/wp\/v2\/pages\/1494","targetHints":{"allow":["GET"]}}],"collection":[{"href":"https:\/\/leperlily.org\/wp\/wp-json\/wp\/v2\/pages"}],"about":[{"href":"https:\/\/leperlily.org\/wp\/wp-json\/wp\/v2\/types\/page"}],"author":[{"embeddable":true,"href":"https:\/\/leperlily.org\/wp\/wp-json\/wp\/v2\/users\/1"}],"replies":[{"embeddable":true,"href":"https:\/\/leperlily.org\/wp\/wp-json\/wp\/v2\/comments?post=1494"}],"version-history":[{"count":10,"href":"https:\/\/leperlily.org\/wp\/wp-json\/wp\/v2\/pages\/1494\/revisions"}],"predecessor-version":[{"id":2807,"href":"https:\/\/leperlily.org\/wp\/wp-json\/wp\/v2\/pages\/1494\/revisions\/2807"}],"up":[{"embeddable":true,"href":"https:\/\/leperlily.org\/wp\/wp-json\/wp\/v2\/pages\/516"}],"wp:attachment":[{"href":"https:\/\/leperlily.org\/wp\/wp-json\/wp\/v2\/media?parent=1494"}],"curies":[{"name":"wp","href":"https:\/\/api.w.org\/{rel}","templated":true}]}}