{"id":2004,"date":"2021-04-09T09:13:18","date_gmt":"2021-04-09T08:13:18","guid":{"rendered":"http:\/\/leperlily.org\/wp\/?page_id=2004"},"modified":"2021-08-24T10:55:08","modified_gmt":"2021-08-24T08:55:08","slug":"hymn_05","status":"publish","type":"page","link":"https:\/\/leperlily.org\/wp\/hymnbook\/de\/the_proper_of_the_saints\/hymn_05\/","title":{"rendered":"Hymn 05"},"content":{"rendered":"\n<h1>\n\t\tNotker Balbulus\n\t<\/h1>\n<h3>\n\t\tHymnenbuchDas Proprium der Heiligen\n\t<\/h3>\n<h3>\n\t\tMarien Geburtshymne8. September\n\t<\/h3>\n<h3>\n\t\t[N.33] &#8220;Stirpe Maria regia&#8221;\n\t<\/h3>\n<h3>\n\t\tSPRACHE\n\t<\/h3>\n<h4>\n\t\t<a href=\"http:\/\/leperlily.org\/wp\/hymnbook\/la\/the_proper_of_the_saints\/hymn_05\/\" title=\"Latina\" target=\"_self\" rel=\"noopener\">\n\t\tLatina\n\t\t<\/a>\n\t<\/h4>\n<h4>\n\t\tDeutsch\n\t<\/h4>\n<h4>\n\t\t<a href=\"http:\/\/leperlily.org\/wp\/hymnbook\/en\/the_proper_of_the_saints\/hymn_06\/\" title=\"English\" target=\"_self\" rel=\"noopener\">\n\t\tEnglish\n\t\t<\/a>\n\t<\/h4>\n\t\t\t\t<a href=\"http:\/\/leperlily.org\/wp\/hymnbook\/\" target=\"_self\" itemprop=\"url\" rel=\"noopener\">\n\t\t\t\t<img loading=\"lazy\" decoding=\"async\" src=\"http:\/\/leperlily.org\/wp\/wp-content\/uploads\/2020\/10\/notker_balbulus.jpg\" alt=\"notker_balbulus\" itemprop=\"image\" height=\"596\" width=\"447\" title=\"notker_balbulus\" onerror=\"this.style.display='none'\"  \/>\n\t\t\t\t<\/a>\n\t<p>Du aus K\u00f6nigsstamm gezeugte Maria, den K\u00f6nig Jesus geb\u00e4rend, des Preises heiliger Engel w\u00fcrdig,<\/p>\n\t<p>Schau auch uns, die zu dir and\u00e4chtigen S\u00fcnder, g\u00fctig an!<\/p>\n\t<p>Du zeigt in dir die fromme Art der V\u00e4ter, aber du \u00fcberragst diese.<\/p>\n\t<p>Deines Vaters Salomo Weisheit leuchtet in dir und des Ezechias vor Gott aufrechtes Herz, das in dir aber niemals verderben wird.<\/p>\n\t<p>Deines Vaters Josias Ehrfurcht hat dich erf\u00fcllt. Sogar der Glaube des h\u00f6chsten Patriarchen, deines Vaters, hat dich ganz eingenommen.<\/p>\n\t<p>Allein was z\u00e4hlen wir diese Helden her, da dein Sohn sie s\u00e4mtlich \u00fcbertrifft und alle in der Welt?<\/p>\n\t<p>Uns an diesem Tage<\/p>\n<p>dir Zugedr\u00e4ngte beh\u00fcte,<\/p>\n<p>Jungfrau, da zum Lichte der Welt<\/p>\n<p>du vortratest,<\/p>\n<p>zu geb\u00e4ren des Himmels Leuchte.<\/p>\n<h4>\n\t\t<a href=\"http:\/\/notker-balbulus.leperlily.org\" title=\"http:\/\/notker-balbulus.leperlily.org\" target=\"_self\" rel=\"noopener\">\n\t\thttp:\/\/notker-balbulus.leperlily.org\n\t\t<\/a>\n\t<\/h4>\n\t\t\t\t<img loading=\"lazy\" decoding=\"async\" src=\"http:\/\/leperlily.org\/wp\/wp-content\/uploads\/2020\/10\/the_abbey_of_st_gall.jpg\" alt=\"the_abbey_of_st_gall\" itemprop=\"image\" height=\"450\" width=\"1800\" title=\"the_abbey_of_st_gall\" onerror=\"this.style.display='none'\"  \/>\n<h4>\n\t\tWolfram von den SteinenNotker der Dichter und seine geistige Welt\n\t<\/h4>\n<h4>\n\t\tBern1948\n\t<\/h4>\n\t\t\t<a href=\"http:\/\/leperlily.org\/wp\/hymnbook\/de\/the_proper_of_the_saints\/hymn_04\/\" target=\"_self\" role=\"button\" rel=\"noopener\">\n\t\t\t\t\t\t\t<\/a>\n\t\t\t<a href=\"http:\/\/leperlily.org\/wp\/hymnbook\/de\/the_proper_of_the_saints\/hymn_06\/\" target=\"_self\" role=\"button\" rel=\"noopener\">\n\t\t\t\t\t\t\t<\/a>\n\n","protected":false},"excerpt":{"rendered":"<p>Notker Balbulus HymnenbuchDas Proprium der Heiligen Marien Geburtshymne8. September [N.33] &#8220;Stirpe Maria regia&#8221; SPRACHE Latina Deutsch English Du aus K\u00f6nigsstamm gezeugte Maria, den K\u00f6nig Jesus geb\u00e4rend, des Preises heiliger Engel w\u00fcrdig, Schau auch uns, die zu dir and\u00e4chtigen S\u00fcnder, g\u00fctig an! Du zeigt in dir die fromme Art der V\u00e4ter, aber du \u00fcberragst diese. Deines&hellip;<\/p>\n","protected":false},"author":1,"featured_media":0,"parent":977,"menu_order":0,"comment_status":"closed","ping_status":"closed","template":"","meta":{"footnotes":""},"class_list":["post-2004","page","type-page","status-publish","hentry"],"aioseo_notices":[],"_links":{"self":[{"href":"https:\/\/leperlily.org\/wp\/wp-json\/wp\/v2\/pages\/2004","targetHints":{"allow":["GET"]}}],"collection":[{"href":"https:\/\/leperlily.org\/wp\/wp-json\/wp\/v2\/pages"}],"about":[{"href":"https:\/\/leperlily.org\/wp\/wp-json\/wp\/v2\/types\/page"}],"author":[{"embeddable":true,"href":"https:\/\/leperlily.org\/wp\/wp-json\/wp\/v2\/users\/1"}],"replies":[{"embeddable":true,"href":"https:\/\/leperlily.org\/wp\/wp-json\/wp\/v2\/comments?post=2004"}],"version-history":[{"count":13,"href":"https:\/\/leperlily.org\/wp\/wp-json\/wp\/v2\/pages\/2004\/revisions"}],"predecessor-version":[{"id":2826,"href":"https:\/\/leperlily.org\/wp\/wp-json\/wp\/v2\/pages\/2004\/revisions\/2826"}],"up":[{"embeddable":true,"href":"https:\/\/leperlily.org\/wp\/wp-json\/wp\/v2\/pages\/977"}],"wp:attachment":[{"href":"https:\/\/leperlily.org\/wp\/wp-json\/wp\/v2\/media?parent=2004"}],"curies":[{"name":"wp","href":"https:\/\/api.w.org\/{rel}","templated":true}]}}