{"id":2012,"date":"2021-04-09T09:13:57","date_gmt":"2021-04-09T08:13:57","guid":{"rendered":"http:\/\/leperlily.org\/wp\/?page_id=2012"},"modified":"2021-08-24T10:52:17","modified_gmt":"2021-08-24T08:52:17","slug":"hymn_03","status":"publish","type":"page","link":"https:\/\/leperlily.org\/wp\/hymnbook\/de\/the_proper_of_the_saints\/hymn_03\/","title":{"rendered":"Hymn 03"},"content":{"rendered":"\n<h1>\n\t\tNotker Balbulus\n\t<\/h1>\n<h3>\n\t\tHymnenbuchDas Proprium der Heiligen\n\t<\/h3>\n<h3>\n\t\tDie Laurentiushymne10. August\n\t<\/h3>\n<h3>\n\t\t[N.31] &#8220;Laurenti David magni&#8221;\n\t<\/h3>\n<h3>\n\t\tSPRACHE\n\t<\/h3>\n<h4>\n\t\t<a href=\"http:\/\/leperlily.org\/wp\/hymnbook\/la\/the_proper_of_the_saints\/hymn_03\/\" title=\"Latina\" target=\"_self\" rel=\"noopener\">\n\t\tLatina\n\t\t<\/a>\n\t<\/h4>\n<h4>\n\t\tDeutsch\n\t<\/h4>\n<h4>\n\t\t<a href=\"http:\/\/leperlily.org\/wp\/hymnbook\/en\/the_proper_of_the_saints\/hymn_03\/\" title=\"English\" target=\"_self\" rel=\"noopener\">\n\t\tEnglish\n\t\t<\/a>\n\t<\/h4>\n\t\t\t\t<a href=\"http:\/\/leperlily.org\/wp\/hymnbook\/\" target=\"_self\" itemprop=\"url\" rel=\"noopener\">\n\t\t\t\t<img loading=\"lazy\" decoding=\"async\" src=\"http:\/\/leperlily.org\/wp\/wp-content\/uploads\/2020\/10\/notker_balbulus.jpg\" alt=\"notker_balbulus\" itemprop=\"image\" height=\"596\" width=\"447\" title=\"notker_balbulus\" onerror=\"this.style.display='none'\"  \/>\n\t\t\t\t<\/a>\n\t<p>Lorenz, des gro\u00dfen K\u00f6nigs<\/p>\n<p>Martyr, m\u00e4chtiger Degen:<\/p>\n\t<p>Du hast den Gerichtsstuhl des Kaisers,<\/p>\n\t<p>Die blutigen H\u00e4nde der Henker<\/p>\n\t<p>Verachtet und folgtest<\/p>\n<p>dem all-ersehnlichen,<\/p>\n<p>starkh\u00e4ndigen Helden,<\/p>\n\t<p>Der einzig imstand war<\/p>\n<p>das Reich des grausamen<\/p>\n<p>Tyrannen zu st\u00fcrzen,<\/p>\n\t<p>Weil seine hehre Liebe<\/p>\n<p>Blutes verschwenderisch<\/p>\n<p>seine Mannen macht:<\/p>\n\t<p>D\u00fcrfen sie Ihn nur schauen &#8211;<\/p>\n<p>Leben und Gegenwart<\/p>\n<p>geben sie dahin.<\/p>\n\t<p>Ruten des Herrschers verh\u00f6hnest<\/p>\n<p>und Drohung des Richters verlachst du.<\/p>\n\t<p>Schergen verschwenden die Klauen<\/p>\n<p>der Folter und Brenner den Glutrost.<\/p>\n\t<p>Schmerzt es den gottlosen Stadtvogt,<\/p>\n<p>da\u00df ihn ein gebratner<\/p>\n<p>Fisch besiegt hat,<\/p>\n<p>Speise Christi:<\/p>\n\t<p>Freut es den g\u00f6ttlichen Tischgast,<\/p>\n<p>da\u00df ihn, der mit Christus<\/p>\n<p>auferstehn darf,<\/p>\n<p>Honig s\u00e4ttigt.<\/p>\n\t<p>O Lorenz,<\/p>\n<p>unbesiegtester von<\/p>\n<p>des ewigen K\u00f6niges Streitern:<\/p>\n\t<p>Vor Ihm bitte<\/p>\n<p>f\u00fcr die Kleineren du<\/p>\n<p>seiner Knechte stets um Begnadung,<\/p>\n\t<p>Martyr, m\u00e4chtiger Degen!<\/p>\n<h4>\n\t\t<a href=\"http:\/\/notker-balbulus.leperlily.org\" title=\"http:\/\/notker-balbulus.leperlily.org\" target=\"_self\" rel=\"noopener\">\n\t\thttp:\/\/notker-balbulus.leperlily.org\n\t\t<\/a>\n\t<\/h4>\n\t\t\t\t<img loading=\"lazy\" decoding=\"async\" src=\"http:\/\/leperlily.org\/wp\/wp-content\/uploads\/2020\/10\/the_abbey_of_st_gall.jpg\" alt=\"the_abbey_of_st_gall\" itemprop=\"image\" height=\"450\" width=\"1800\" title=\"the_abbey_of_st_gall\" onerror=\"this.style.display='none'\"  \/>\n<h4>\n\t\tWolfram von den SteinenNotker der Dichter und seine geistige Welt\n\t<\/h4>\n<h4>\n\t\tBern1948\n\t<\/h4>\n\t\t\t<a href=\"http:\/\/leperlily.org\/wp\/hymnbook\/de\/the_proper_of_the_saints\/hymn_02\/\" target=\"_self\" role=\"button\" rel=\"noopener\">\n\t\t\t\t\t\t\t<\/a>\n\t\t\t<a href=\"http:\/\/leperlily.org\/wp\/hymnbook\/de\/the_proper_of_the_saints\/hymn_04\/\" target=\"_self\" role=\"button\" rel=\"noopener\">\n\t\t\t\t\t\t\t<\/a>\n\n","protected":false},"excerpt":{"rendered":"<p>Notker Balbulus HymnenbuchDas Proprium der Heiligen Die Laurentiushymne10. August [N.31] &#8220;Laurenti David magni&#8221; SPRACHE Latina Deutsch English Lorenz, des gro\u00dfen K\u00f6nigs Martyr, m\u00e4chtiger Degen: Du hast den Gerichtsstuhl des Kaisers, Die blutigen H\u00e4nde der Henker Verachtet und folgtest dem all-ersehnlichen, starkh\u00e4ndigen Helden, Der einzig imstand war das Reich des grausamen Tyrannen zu st\u00fcrzen, Weil seine&hellip;<\/p>\n","protected":false},"author":1,"featured_media":0,"parent":977,"menu_order":0,"comment_status":"closed","ping_status":"closed","template":"","meta":{"footnotes":""},"class_list":["post-2012","page","type-page","status-publish","hentry"],"aioseo_notices":[],"_links":{"self":[{"href":"https:\/\/leperlily.org\/wp\/wp-json\/wp\/v2\/pages\/2012","targetHints":{"allow":["GET"]}}],"collection":[{"href":"https:\/\/leperlily.org\/wp\/wp-json\/wp\/v2\/pages"}],"about":[{"href":"https:\/\/leperlily.org\/wp\/wp-json\/wp\/v2\/types\/page"}],"author":[{"embeddable":true,"href":"https:\/\/leperlily.org\/wp\/wp-json\/wp\/v2\/users\/1"}],"replies":[{"embeddable":true,"href":"https:\/\/leperlily.org\/wp\/wp-json\/wp\/v2\/comments?post=2012"}],"version-history":[{"count":13,"href":"https:\/\/leperlily.org\/wp\/wp-json\/wp\/v2\/pages\/2012\/revisions"}],"predecessor-version":[{"id":2824,"href":"https:\/\/leperlily.org\/wp\/wp-json\/wp\/v2\/pages\/2012\/revisions\/2824"}],"up":[{"embeddable":true,"href":"https:\/\/leperlily.org\/wp\/wp-json\/wp\/v2\/pages\/977"}],"wp:attachment":[{"href":"https:\/\/leperlily.org\/wp\/wp-json\/wp\/v2\/media?parent=2012"}],"curies":[{"name":"wp","href":"https:\/\/api.w.org\/{rel}","templated":true}]}}