{"id":263,"date":"2020-09-28T08:24:05","date_gmt":"2020-09-28T07:24:05","guid":{"rendered":"http:\/\/leperlily.org\/wp\/?page_id=263"},"modified":"2021-08-24T09:37:27","modified_gmt":"2021-08-24T07:37:27","slug":"hymn_02","status":"publish","type":"page","link":"https:\/\/leperlily.org\/wp\/hymnbook\/de\/christmastide\/hymn_02\/","title":{"rendered":"Hymn 02"},"content":{"rendered":"\n<h1>\n\t\tNotker Balbulus\n\t<\/h1>\n<h3>\n\t\tHymnenbuchWeihnachtskreis\n\t<\/h3>\n<h3>\n\t\tDie Stefanshymne26. Dezember\n\t<\/h3>\n<h3>\n\t\t[N.05] &#8220;Hanc concordi famulatu&#8221;\n\t<\/h3>\n<h3>\n\t\tSPRACHE\n\t<\/h3>\n<h4>\n\t\t<a href=\"http:\/\/leperlily.org\/wp\/hymnbook\/la\/christmastide\/hymn_02\/\" title=\"Latina\" target=\"_self\" rel=\"noopener\">\n\t\tLatina\n\t\t<\/a>\n\t<\/h4>\n<h4>\n\t\tDeutsch\n\t<\/h4>\n<h4>\n\t\t<a href=\"http:\/\/leperlily.org\/wp\/hymnbook\/en\/christmastide\/hymn_02\/\" title=\"English\" target=\"_self\" rel=\"noopener\">\n\t\tEnglish\n\t\t<\/a>\n\t<\/h4>\n\t\t\t\t<a href=\"http:\/\/leperlily.org\/wp\/hymnbook\/\" target=\"_self\" itemprop=\"url\" rel=\"noopener\">\n\t\t\t\t<img loading=\"lazy\" decoding=\"async\" src=\"http:\/\/leperlily.org\/wp\/wp-content\/uploads\/2020\/10\/notker_balbulus.jpg\" alt=\"notker_balbulus\" itemprop=\"image\" height=\"596\" width=\"447\" title=\"notker_balbulus\" onerror=\"this.style.display='none'\"  \/>\n\t\t\t\t<\/a>\n\t<p>Eintr\u00e4chtig im J\u00fcngertume<\/p>\n<p>begehn wir diese Jahresfeier,<\/p>\n\t<p>Wie ihres Begr\u00fcnders Vorbild<\/p>\n<p>g\u00fctig uns anweist,<\/p>\n\t<p>Da Er noch f\u00fcr der Verfolger<\/p>\n<p>Heimt\u00fccke betet.<\/p>\n\t<p>O Stephanus,<\/p>\n<p>Fahnentr\u00e4ger des guten K\u00f6nigs,<\/p>\n<p>gib Geh\u00f6r uns,<\/p>\n\t<p>Da segensreich<\/p>\n<p>Dir Geh\u00f6r f\u00fcr die Widersacher<\/p>\n<p>einst geschenkt ward.<\/p>\n\t<p>Paulus, auf dein Bitten hin,<\/p>\n<p>Stefan, der vormalen<\/p>\n<p>dich verfolgte, glaubt an Christus,<\/p>\n\t<p>Und mit dir nun schreitet er<\/p>\n<p>den Reigen im Reiche,<\/p>\n<p>dem Verfolger niemals nahen.<\/p>\n\t<p>Darum auch uns, uns flehende,<\/p>\n<p>die zu dir rufen<\/p>\n<p>und dich mit Bitten best\u00fcrmen,<\/p>\n\t<p>Uns m\u00f6ge deine heiligste<\/p>\n<p>F\u00fcrsprache immer<\/p>\n<p>mit unserm Gotte vers\u00f6hnen.<\/p>\n\t<p>Dich setzt Sankt Peter<\/p>\n<p>zu Christi Diener ein:<\/p>\n<p>Du pr\u00e4gst Sankt Petern<\/p>\n<p>des Glaubens Urbild ein,<\/p>\n<p>Da du zur Rechten<\/p>\n<p>des Vaters Den zeigest,<\/p>\n<p>den das tolle Volk ans Kreuz schlug.<\/p>\n\t<p>Dich hat einst Christus<\/p>\n<p>Stefan, sich auserw\u00e4hlt,<\/p>\n<p>Seine Getreuen<\/p>\n<p>durch dich zu kr\u00e4ftigen,<\/p>\n<p>Indem er mitten<\/p>\n<p>im Sausen der Steine<\/p>\n<p>dir zum Trost sich offenbart hat.<\/p>\n\t<p>Jetzt bei den M\u00e4rtyrern<\/p>\n<p>schimmerst im Purpur du<\/p>\n<p>erkoren f\u00fcr die Krone.<\/p>\n<h4>\n\t\t<a href=\"http:\/\/notker-balbulus.leperlily.org\" title=\"http:\/\/notker-balbulus.leperlily.org\" target=\"_self\" rel=\"noopener\">\n\t\thttp:\/\/notker-balbulus.leperlily.org\n\t\t<\/a>\n\t<\/h4>\n\t\t\t\t<img loading=\"lazy\" decoding=\"async\" src=\"http:\/\/leperlily.org\/wp\/wp-content\/uploads\/2020\/10\/the_abbey_of_st_gall.jpg\" alt=\"the_abbey_of_st_gall\" itemprop=\"image\" height=\"450\" width=\"1800\" title=\"the_abbey_of_st_gall\" onerror=\"this.style.display='none'\"  \/>\n<h4>\n\t\tWolfram von den SteinenNotker der Dichter und seine geistige Welt\n\t<\/h4>\n<h4>\n\t\tBern1948\n\t<\/h4>\n\t\t\t<a href=\"http:\/\/leperlily.org\/wp\/hymnbook\/de\/christmastide\/hymn_01\/\" target=\"_self\" role=\"button\" rel=\"noopener\">\n\t\t\t\t\t\t\t<\/a>\n\t\t\t<a href=\"http:\/\/leperlily.org\/wp\/hymnbook\/de\/christmastide\/hymn_03\/\" target=\"_self\" role=\"button\" rel=\"noopener\">\n\t\t\t\t\t\t\t<\/a>\n\n","protected":false},"excerpt":{"rendered":"<p>Notker Balbulus HymnenbuchWeihnachtskreis Die Stefanshymne26. Dezember [N.05] &#8220;Hanc concordi famulatu&#8221; SPRACHE Latina Deutsch English Eintr\u00e4chtig im J\u00fcngertume begehn wir diese Jahresfeier, Wie ihres Begr\u00fcnders Vorbild g\u00fctig uns anweist, Da Er noch f\u00fcr der Verfolger Heimt\u00fccke betet. O Stephanus, Fahnentr\u00e4ger des guten K\u00f6nigs, gib Geh\u00f6r uns, Da segensreich Dir Geh\u00f6r f\u00fcr die Widersacher einst geschenkt ward.&hellip;<\/p>\n","protected":false},"author":1,"featured_media":0,"parent":222,"menu_order":0,"comment_status":"closed","ping_status":"closed","template":"","meta":{"footnotes":""},"class_list":["post-263","page","type-page","status-publish","hentry"],"aioseo_notices":[],"_links":{"self":[{"href":"https:\/\/leperlily.org\/wp\/wp-json\/wp\/v2\/pages\/263","targetHints":{"allow":["GET"]}}],"collection":[{"href":"https:\/\/leperlily.org\/wp\/wp-json\/wp\/v2\/pages"}],"about":[{"href":"https:\/\/leperlily.org\/wp\/wp-json\/wp\/v2\/types\/page"}],"author":[{"embeddable":true,"href":"https:\/\/leperlily.org\/wp\/wp-json\/wp\/v2\/users\/1"}],"replies":[{"embeddable":true,"href":"https:\/\/leperlily.org\/wp\/wp-json\/wp\/v2\/comments?post=263"}],"version-history":[{"count":22,"href":"https:\/\/leperlily.org\/wp\/wp-json\/wp\/v2\/pages\/263\/revisions"}],"predecessor-version":[{"id":2797,"href":"https:\/\/leperlily.org\/wp\/wp-json\/wp\/v2\/pages\/263\/revisions\/2797"}],"up":[{"embeddable":true,"href":"https:\/\/leperlily.org\/wp\/wp-json\/wp\/v2\/pages\/222"}],"wp:attachment":[{"href":"https:\/\/leperlily.org\/wp\/wp-json\/wp\/v2\/media?parent=263"}],"curies":[{"name":"wp","href":"https:\/\/api.w.org\/{rel}","templated":true}]}}